{"id":4711,"date":"2025-11-26T11:45:47","date_gmt":"2025-11-26T10:45:47","guid":{"rendered":"https:\/\/oliva-atelier.com\/product\/tartan-harness-with-sherpa-lining\/"},"modified":"2025-11-26T11:45:47","modified_gmt":"2025-11-26T10:45:47","slug":"tartan-harness-with-sherpa-lining","status":"publish","type":"product","link":"https:\/\/oliva-atelier.com\/en\/product\/tartan-harness-with-sherpa-lining\/","title":{"rendered":"Tartan harness with Sherpa lining"},"content":{"rendered":"<p data-start=\"356\" data-end=\"575\">Classic tartan on the outside, soft sherpa on the inside.<br data-start=\"222\" data-end=\"225\">A warm and comfortable harness for small dogs, with a safe design and very easy to put on.<br data-start=\"314\" data-end=\"317\">Limited edition.<\/p>\n<hr>\n<p data-start=\"356\" data-end=\"575\"><strong data-start=\"485\" data-end=\"499\">Size Guide<\/strong><br data-start=\"499\" data-end=\"502\">Measure just behind the front legs, around the chest.<br data-start=\"430\" data-end=\"433\">Between two sizes? Choose the biggest one. <\/p>\n<p data-start=\"777\" data-end=\"835\">To choose the right size, measure according to the diagram:<\/p>\n<p data-start=\"837\" data-end=\"961\"><strong data-start=\"837\" data-end=\"851\">A \u2014 Neck \/ B \u2014 Chest<\/strong><\/p>\n<ul>\n<li>\n<p data-start=\"65\" data-end=\"211\"><strong data-start=\"65\" data-end=\"73\">XXS:<\/strong> Chest 34 cm \/ Neck 26 cm<br data-start=\"100\" data-end=\"103\"><strong data-start=\"103\" data-end=\"110\">XS:<\/strong> Chest 38 cm \/ Neck 30 cm<br data-start=\"137\" data-end=\"140\"><strong data-start=\"140\" data-end=\"146\" data-is-only-node=\"\">S: <\/strong>Chest 44 cm \/ Neck 33 cm<br data-start=\"173\" data-end=\"176\"><strong data-start=\"176\" data-end=\"182\">M:<\/strong> Chest 48 cm \/ Neck 35 cm<\/p>\n<\/li>\n<\/ul>\n<hr>\n<p><strong data-start=\"654\" data-end=\"676\">Care<\/strong><\/p>\n<ul>\n<li>Hand wash with cold or warm water (max. 30\u00baC).<\/li>\n<li>Do not use bleach.<\/li>\n<li>Do not use a dryer.<\/li>\n<li>Air dry.<\/li>\n<li>Do not iron the sherpa.<\/li>\n<\/ul>\n","protected":false},"excerpt":{"rendered":"<p>Classic tartan on the outside, soft sherpa on the inside.A warm and comfortable harness for small dogs, with a safe design and very easy to put on.Limited edition. Size GuideMeasure just behind the front legs, around the chest.Between two sizes? Choose the biggest one. To choose the right size, measure according to the diagram: A [&hellip;]<\/p>\n","protected":false},"featured_media":4230,"template":"","meta":[],"product_brand":[],"product_cat":[68565],"product_tag":[],"class_list":{"0":"post-4711","1":"product","2":"type-product","3":"status-publish","4":"has-post-thumbnail","6":"product_cat-harnesses","8":"first","9":"instock","10":"taxable","11":"shipping-taxable","12":"purchasable","13":"product-type-variable"},"exclude_global_add_ons":[],"addons":[],"yoast_head":"<!-- This site is optimized with the Yoast SEO plugin v27.4 - https:\/\/yoast.com\/product\/yoast-seo-wordpress\/ -->\n<title>Tartan Harness with Sherpa Lining | Oliva Pet Atelier<\/title>\n<meta name=\"description\" content=\"Tartan Harness with Sherpa Lining | Oliva Pet Atelier\" \/>\n<meta name=\"robots\" content=\"index, follow, max-snippet:-1, max-image-preview:large, max-video-preview:-1\" \/>\n<link rel=\"canonical\" href=\"https:\/\/oliva-atelier.com\/en\/product\/tartan-harness-with-sherpa-lining\/\" \/>\n<meta property=\"og:locale\" content=\"en_US\" \/>\n<meta property=\"og:type\" content=\"article\" \/>\n<meta property=\"og:title\" content=\"Tartan Harness with Sherpa Lining | Oliva Pet Atelier\" \/>\n<meta property=\"og:description\" content=\"Tartan Harness with Sherpa Lining | Oliva Pet Atelier\" \/>\n<meta property=\"og:url\" content=\"https:\/\/oliva-atelier.com\/en\/product\/tartan-harness-with-sherpa-lining\/\" \/>\n<meta property=\"og:site_name\" content=\"Oliva Pet Atelier\" \/>\n<meta property=\"og:image\" content=\"https:\/\/oliva-atelier.com\/wp-content\/uploads\/2025\/11\/Tartan-Winter-Dog-Harness-\u2013-Sherpa-Lined-_-Oliva-Pet-Atelier.png\" \/>\n\t<meta property=\"og:image:width\" content=\"1080\" \/>\n\t<meta property=\"og:image:height\" content=\"1350\" \/>\n\t<meta property=\"og:image:type\" content=\"image\/png\" \/>\n<meta name=\"twitter:card\" content=\"summary_large_image\" \/>\n<meta name=\"twitter:label1\" content=\"Est. reading time\" \/>\n\t<meta name=\"twitter:data1\" content=\"1 minute\" \/>\n<script type=\"application\/ld+json\" class=\"yoast-schema-graph\">{\"@context\":\"https:\\\/\\\/schema.org\",\"@graph\":[{\"@type\":\"WebPage\",\"@id\":\"https:\\\/\\\/oliva-atelier.com\\\/en\\\/product\\\/tartan-harness-with-sherpa-lining\\\/\",\"url\":\"https:\\\/\\\/oliva-atelier.com\\\/en\\\/product\\\/tartan-harness-with-sherpa-lining\\\/\",\"name\":\"Tartan Harness with Sherpa Lining | Oliva Pet Atelier\",\"isPartOf\":{\"@id\":\"https:\\\/\\\/oliva-atelier.com\\\/en\\\/#website\"},\"primaryImageOfPage\":{\"@id\":\"https:\\\/\\\/oliva-atelier.com\\\/en\\\/product\\\/tartan-harness-with-sherpa-lining\\\/#primaryimage\"},\"image\":{\"@id\":\"https:\\\/\\\/oliva-atelier.com\\\/en\\\/product\\\/tartan-harness-with-sherpa-lining\\\/#primaryimage\"},\"thumbnailUrl\":\"https:\\\/\\\/oliva-atelier.com\\\/wp-content\\\/uploads\\\/2025\\\/11\\\/Tartan-Winter-Dog-Harness-\u2013-Sherpa-Lined-_-Oliva-Pet-Atelier.png\",\"datePublished\":\"2025-11-26T10:45:47+00:00\",\"description\":\"Tartan Harness with Sherpa Lining | Oliva Pet Atelier\",\"breadcrumb\":{\"@id\":\"https:\\\/\\\/oliva-atelier.com\\\/en\\\/product\\\/tartan-harness-with-sherpa-lining\\\/#breadcrumb\"},\"inLanguage\":\"en-US\",\"potentialAction\":[{\"@type\":\"ReadAction\",\"target\":[\"https:\\\/\\\/oliva-atelier.com\\\/en\\\/product\\\/tartan-harness-with-sherpa-lining\\\/\"]}]},{\"@type\":\"ImageObject\",\"inLanguage\":\"en-US\",\"@id\":\"https:\\\/\\\/oliva-atelier.com\\\/en\\\/product\\\/tartan-harness-with-sherpa-lining\\\/#primaryimage\",\"url\":\"https:\\\/\\\/oliva-atelier.com\\\/wp-content\\\/uploads\\\/2025\\\/11\\\/Tartan-Winter-Dog-Harness-\u2013-Sherpa-Lined-_-Oliva-Pet-Atelier.png\",\"contentUrl\":\"https:\\\/\\\/oliva-atelier.com\\\/wp-content\\\/uploads\\\/2025\\\/11\\\/Tartan-Winter-Dog-Harness-\u2013-Sherpa-Lined-_-Oliva-Pet-Atelier.png\",\"width\":1080,\"height\":1350,\"caption\":\"Winter Tartan Harness by Oliva \u2014 warm, soft, and designed for small dogs.\"},{\"@type\":\"BreadcrumbList\",\"@id\":\"https:\\\/\\\/oliva-atelier.com\\\/en\\\/product\\\/tartan-harness-with-sherpa-lining\\\/#breadcrumb\",\"itemListElement\":[{\"@type\":\"ListItem\",\"position\":1,\"name\":\"Home\",\"item\":\"https:\\\/\\\/oliva-atelier.com\\\/en\\\/\"},{\"@type\":\"ListItem\",\"position\":2,\"name\":\"Shop\",\"item\":\"https:\\\/\\\/oliva-atelier.com\\\/en\\\/shop\\\/\"},{\"@type\":\"ListItem\",\"position\":3,\"name\":\"Tartan harness with Sherpa lining\"}]},{\"@type\":\"WebSite\",\"@id\":\"https:\\\/\\\/oliva-atelier.com\\\/en\\\/#website\",\"url\":\"https:\\\/\\\/oliva-atelier.com\\\/en\\\/\",\"name\":\"Oliva Pet Atelier\",\"description\":\"Accesorios personalizados y elegantes para perros peque\u00f1os. Collares, arneses, camas y ropa con estilo, hechos con cari\u00f1o en Espa\u00f1a.\",\"publisher\":{\"@id\":\"https:\\\/\\\/oliva-atelier.com\\\/en\\\/#organization\"},\"potentialAction\":[{\"@type\":\"SearchAction\",\"target\":{\"@type\":\"EntryPoint\",\"urlTemplate\":\"https:\\\/\\\/oliva-atelier.com\\\/en\\\/?s={search_term_string}\"},\"query-input\":{\"@type\":\"PropertyValueSpecification\",\"valueRequired\":true,\"valueName\":\"search_term_string\"}}],\"inLanguage\":\"en-US\"},{\"@type\":\"Organization\",\"@id\":\"https:\\\/\\\/oliva-atelier.com\\\/en\\\/#organization\",\"name\":\"Oliva Pet Atelier\",\"url\":\"https:\\\/\\\/oliva-atelier.com\\\/en\\\/\",\"logo\":{\"@type\":\"ImageObject\",\"inLanguage\":\"en-US\",\"@id\":\"https:\\\/\\\/oliva-atelier.com\\\/en\\\/#\\\/schema\\\/logo\\\/image\\\/\",\"url\":\"https:\\\/\\\/oliva-atelier.com\\\/wp-content\\\/uploads\\\/2025\\\/07\\\/oliva_linkedin.jpg\",\"contentUrl\":\"https:\\\/\\\/oliva-atelier.com\\\/wp-content\\\/uploads\\\/2025\\\/07\\\/oliva_linkedin.jpg\",\"width\":1080,\"height\":1350,\"caption\":\"Oliva Pet Atelier\"},\"image\":{\"@id\":\"https:\\\/\\\/oliva-atelier.com\\\/en\\\/#\\\/schema\\\/logo\\\/image\\\/\"},\"sameAs\":[\"https:\\\/\\\/www.instagram.com\\\/oliva_pet_atelier\\\/\"]}]}<\/script>\n<!-- \/ Yoast SEO plugin. -->","yoast_head_json":{"title":"Tartan Harness with Sherpa Lining | Oliva Pet Atelier","description":"Tartan Harness with Sherpa Lining | Oliva Pet Atelier","robots":{"index":"index","follow":"follow","max-snippet":"max-snippet:-1","max-image-preview":"max-image-preview:large","max-video-preview":"max-video-preview:-1"},"canonical":"https:\/\/oliva-atelier.com\/en\/product\/tartan-harness-with-sherpa-lining\/","og_locale":"en_US","og_type":"article","og_title":"Tartan Harness with Sherpa Lining | Oliva Pet Atelier","og_description":"Tartan Harness with Sherpa Lining | Oliva Pet Atelier","og_url":"https:\/\/oliva-atelier.com\/en\/product\/tartan-harness-with-sherpa-lining\/","og_site_name":"Oliva Pet Atelier","og_image":[{"width":1080,"height":1350,"url":"https:\/\/oliva-atelier.com\/wp-content\/uploads\/2025\/11\/Tartan-Winter-Dog-Harness-\u2013-Sherpa-Lined-_-Oliva-Pet-Atelier.png","type":"image\/png"}],"twitter_card":"summary_large_image","twitter_misc":{"Est. reading time":"1 minute"},"schema":{"@context":"https:\/\/schema.org","@graph":[{"@type":"WebPage","@id":"https:\/\/oliva-atelier.com\/en\/product\/tartan-harness-with-sherpa-lining\/","url":"https:\/\/oliva-atelier.com\/en\/product\/tartan-harness-with-sherpa-lining\/","name":"Tartan Harness with Sherpa Lining | Oliva Pet Atelier","isPartOf":{"@id":"https:\/\/oliva-atelier.com\/en\/#website"},"primaryImageOfPage":{"@id":"https:\/\/oliva-atelier.com\/en\/product\/tartan-harness-with-sherpa-lining\/#primaryimage"},"image":{"@id":"https:\/\/oliva-atelier.com\/en\/product\/tartan-harness-with-sherpa-lining\/#primaryimage"},"thumbnailUrl":"https:\/\/oliva-atelier.com\/wp-content\/uploads\/2025\/11\/Tartan-Winter-Dog-Harness-\u2013-Sherpa-Lined-_-Oliva-Pet-Atelier.png","datePublished":"2025-11-26T10:45:47+00:00","description":"Tartan Harness with Sherpa Lining | Oliva Pet Atelier","breadcrumb":{"@id":"https:\/\/oliva-atelier.com\/en\/product\/tartan-harness-with-sherpa-lining\/#breadcrumb"},"inLanguage":"en-US","potentialAction":[{"@type":"ReadAction","target":["https:\/\/oliva-atelier.com\/en\/product\/tartan-harness-with-sherpa-lining\/"]}]},{"@type":"ImageObject","inLanguage":"en-US","@id":"https:\/\/oliva-atelier.com\/en\/product\/tartan-harness-with-sherpa-lining\/#primaryimage","url":"https:\/\/oliva-atelier.com\/wp-content\/uploads\/2025\/11\/Tartan-Winter-Dog-Harness-\u2013-Sherpa-Lined-_-Oliva-Pet-Atelier.png","contentUrl":"https:\/\/oliva-atelier.com\/wp-content\/uploads\/2025\/11\/Tartan-Winter-Dog-Harness-\u2013-Sherpa-Lined-_-Oliva-Pet-Atelier.png","width":1080,"height":1350,"caption":"Winter Tartan Harness by Oliva \u2014 warm, soft, and designed for small dogs."},{"@type":"BreadcrumbList","@id":"https:\/\/oliva-atelier.com\/en\/product\/tartan-harness-with-sherpa-lining\/#breadcrumb","itemListElement":[{"@type":"ListItem","position":1,"name":"Home","item":"https:\/\/oliva-atelier.com\/en\/"},{"@type":"ListItem","position":2,"name":"Shop","item":"https:\/\/oliva-atelier.com\/en\/shop\/"},{"@type":"ListItem","position":3,"name":"Tartan harness with Sherpa lining"}]},{"@type":"WebSite","@id":"https:\/\/oliva-atelier.com\/en\/#website","url":"https:\/\/oliva-atelier.com\/en\/","name":"Oliva Pet Atelier","description":"Accesorios personalizados y elegantes para perros peque\u00f1os. Collares, arneses, camas y ropa con estilo, hechos con cari\u00f1o en Espa\u00f1a.","publisher":{"@id":"https:\/\/oliva-atelier.com\/en\/#organization"},"potentialAction":[{"@type":"SearchAction","target":{"@type":"EntryPoint","urlTemplate":"https:\/\/oliva-atelier.com\/en\/?s={search_term_string}"},"query-input":{"@type":"PropertyValueSpecification","valueRequired":true,"valueName":"search_term_string"}}],"inLanguage":"en-US"},{"@type":"Organization","@id":"https:\/\/oliva-atelier.com\/en\/#organization","name":"Oliva Pet Atelier","url":"https:\/\/oliva-atelier.com\/en\/","logo":{"@type":"ImageObject","inLanguage":"en-US","@id":"https:\/\/oliva-atelier.com\/en\/#\/schema\/logo\/image\/","url":"https:\/\/oliva-atelier.com\/wp-content\/uploads\/2025\/07\/oliva_linkedin.jpg","contentUrl":"https:\/\/oliva-atelier.com\/wp-content\/uploads\/2025\/07\/oliva_linkedin.jpg","width":1080,"height":1350,"caption":"Oliva Pet Atelier"},"image":{"@id":"https:\/\/oliva-atelier.com\/en\/#\/schema\/logo\/image\/"},"sameAs":["https:\/\/www.instagram.com\/oliva_pet_atelier\/"]}]}},"jetpack_sharing_enabled":true,"jetpack_likes_enabled":true,"_links":{"self":[{"href":"https:\/\/oliva-atelier.com\/en\/wp-json\/wp\/v2\/product\/4711","targetHints":{"allow":["GET"]}}],"collection":[{"href":"https:\/\/oliva-atelier.com\/en\/wp-json\/wp\/v2\/product"}],"about":[{"href":"https:\/\/oliva-atelier.com\/en\/wp-json\/wp\/v2\/types\/product"}],"wp:featuredmedia":[{"embeddable":true,"href":"https:\/\/oliva-atelier.com\/en\/wp-json\/wp\/v2\/media\/4230"}],"wp:attachment":[{"href":"https:\/\/oliva-atelier.com\/en\/wp-json\/wp\/v2\/media?parent=4711"}],"wp:term":[{"taxonomy":"product_brand","embeddable":true,"href":"https:\/\/oliva-atelier.com\/en\/wp-json\/wp\/v2\/product_brand?post=4711"},{"taxonomy":"product_cat","embeddable":true,"href":"https:\/\/oliva-atelier.com\/en\/wp-json\/wp\/v2\/product_cat?post=4711"},{"taxonomy":"product_tag","embeddable":true,"href":"https:\/\/oliva-atelier.com\/en\/wp-json\/wp\/v2\/product_tag?post=4711"}],"curies":[{"name":"wp","href":"https:\/\/api.w.org\/{rel}","templated":true}]}}