{"id":4706,"date":"2025-11-26T11:44:55","date_gmt":"2025-11-26T10:44:55","guid":{"rendered":"https:\/\/oliva-atelier.com\/product\/personalized-poop-bag-holder\/"},"modified":"2025-11-26T11:44:55","modified_gmt":"2025-11-26T10:44:55","slug":"personalized-poop-bag-holder","status":"publish","type":"product","link":"https:\/\/oliva-atelier.com\/en\/product\/personalized-poop-bag-holder\/","title":{"rendered":"Personalized Poop Bag Holder"},"content":{"rendered":"<p data-start=\"463\" data-end=\"565\">An elegant and functional bag holder, designed to bring style and comfort to winter walks.<br data-start=\"387\" data-end=\"390\">Personalized with your dog&#8217;s number for a unique and special touch.<\/p>\n<p data-start=\"463\" data-end=\"565\">Combine it with the strap and harness of the Winter Edition for a coordinated and sophisticated ensemble.<\/p>\n<hr>\n<ul>\n<li data-start=\"662\" data-end=\"754\"><strong data-start=\"662\" data-end=\"673\">Size: <\/strong>approx. 8.5 cm (width) \u00d7 6.5 cm (high \u2013 closed). Compatible with standard rolls.  <\/li>\n<li data-start=\"792\" data-end=\"901\"><strong data-start=\"792\" data-end=\"805\">Care: <\/strong>Clean with a damp cloth. Do not machine wash. Avoid bleach and prolonged exposure to the sun.  <\/li>\n<\/ul>\n","protected":false},"excerpt":{"rendered":"<p>An elegant and functional bag holder, designed to bring style and comfort to winter walks.Personalized with your dog&#8217;s number for a unique and special touch. Combine it with the strap and harness of the Winter Edition for a coordinated and sophisticated ensemble. Size: approx. 8.5 cm (width) \u00d7 6.5 cm (high \u2013 closed). Compatible with [&hellip;]<\/p>\n","protected":false},"featured_media":4253,"template":"","meta":[],"product_brand":[],"product_cat":[1544],"product_tag":[],"class_list":{"0":"post-4706","1":"product","2":"type-product","3":"status-publish","4":"has-post-thumbnail","6":"product_cat-portabolsas","8":"first","9":"instock","10":"taxable","11":"shipping-taxable","12":"purchasable","13":"product-type-simple"},"exclude_global_add_ons":false,"addons":[{"name":"Add your dog's name","type":"custom_text","position":0,"required":false,"title_format":"label","default":"","description_enable":false,"description":null,"placeholder_enable":true,"placeholder":null,"display":"select","restrictions_type":"any_text","adjust_price":false,"price":"","price_type":"flat_fee","restrictions":true,"min":"0","max":"14","options":[],"id":1764131845}],"yoast_head":"<!-- This site is optimized with the Yoast SEO plugin v27.4 - https:\/\/yoast.com\/product\/yoast-seo-wordpress\/ -->\n<title>Personalized bag holder \u2013 Winter Edition | Oliva Pet Atelier<\/title>\n<meta name=\"description\" content=\"Personalized Winter Edition bag holder. Elegant, practical and handmade in Spain. Perfect to combine with the leash and the winter harness.\" \/>\n<meta name=\"robots\" content=\"index, follow, max-snippet:-1, max-image-preview:large, max-video-preview:-1\" \/>\n<link rel=\"canonical\" href=\"https:\/\/oliva-atelier.com\/en\/product\/personalized-poop-bag-holder\/\" \/>\n<meta property=\"og:locale\" content=\"en_US\" \/>\n<meta property=\"og:type\" content=\"article\" \/>\n<meta property=\"og:title\" content=\"Personalized bag holder \u2013 Winter Edition | Oliva Pet Atelier\" \/>\n<meta property=\"og:description\" content=\"Personalized Winter Edition bag holder. Elegant, practical and handmade in Spain. Perfect to combine with the leash and the winter harness.\" \/>\n<meta property=\"og:url\" content=\"https:\/\/oliva-atelier.com\/en\/product\/personalized-poop-bag-holder\/\" \/>\n<meta property=\"og:site_name\" content=\"Oliva Pet Atelier\" \/>\n<meta property=\"og:image\" content=\"https:\/\/oliva-atelier.com\/wp-content\/uploads\/2025\/11\/Personalized-Dog-Poop-Bag-Holder-\u2013-Custom-Name-_-Oliva-Pet-Atelier.png\" \/>\n\t<meta property=\"og:image:width\" content=\"1080\" \/>\n\t<meta property=\"og:image:height\" content=\"1350\" \/>\n\t<meta property=\"og:image:type\" content=\"image\/png\" \/>\n<meta name=\"twitter:card\" content=\"summary_large_image\" \/>\n<script type=\"application\/ld+json\" class=\"yoast-schema-graph\">{\"@context\":\"https:\\\/\\\/schema.org\",\"@graph\":[{\"@type\":\"WebPage\",\"@id\":\"https:\\\/\\\/oliva-atelier.com\\\/en\\\/product\\\/personalized-poop-bag-holder\\\/\",\"url\":\"https:\\\/\\\/oliva-atelier.com\\\/en\\\/product\\\/personalized-poop-bag-holder\\\/\",\"name\":\"Personalized bag holder \u2013 Winter Edition | Oliva Pet Atelier\",\"isPartOf\":{\"@id\":\"https:\\\/\\\/oliva-atelier.com\\\/en\\\/#website\"},\"primaryImageOfPage\":{\"@id\":\"https:\\\/\\\/oliva-atelier.com\\\/en\\\/product\\\/personalized-poop-bag-holder\\\/#primaryimage\"},\"image\":{\"@id\":\"https:\\\/\\\/oliva-atelier.com\\\/en\\\/product\\\/personalized-poop-bag-holder\\\/#primaryimage\"},\"thumbnailUrl\":\"https:\\\/\\\/oliva-atelier.com\\\/wp-content\\\/uploads\\\/2025\\\/11\\\/Personalized-Dog-Poop-Bag-Holder-\u2013-Custom-Name-_-Oliva-Pet-Atelier.png\",\"datePublished\":\"2025-11-26T10:44:55+00:00\",\"description\":\"Personalized Winter Edition bag holder. Elegant, practical and handmade in Spain. Perfect to combine with the leash and the winter harness.\",\"breadcrumb\":{\"@id\":\"https:\\\/\\\/oliva-atelier.com\\\/en\\\/product\\\/personalized-poop-bag-holder\\\/#breadcrumb\"},\"inLanguage\":\"en-US\",\"potentialAction\":[{\"@type\":\"ReadAction\",\"target\":[\"https:\\\/\\\/oliva-atelier.com\\\/en\\\/product\\\/personalized-poop-bag-holder\\\/\"]}]},{\"@type\":\"ImageObject\",\"inLanguage\":\"en-US\",\"@id\":\"https:\\\/\\\/oliva-atelier.com\\\/en\\\/product\\\/personalized-poop-bag-holder\\\/#primaryimage\",\"url\":\"https:\\\/\\\/oliva-atelier.com\\\/wp-content\\\/uploads\\\/2025\\\/11\\\/Personalized-Dog-Poop-Bag-Holder-\u2013-Custom-Name-_-Oliva-Pet-Atelier.png\",\"contentUrl\":\"https:\\\/\\\/oliva-atelier.com\\\/wp-content\\\/uploads\\\/2025\\\/11\\\/Personalized-Dog-Poop-Bag-Holder-\u2013-Custom-Name-_-Oliva-Pet-Atelier.png\",\"width\":1080,\"height\":1350,\"caption\":\"Personalized winter poop bag holder in a soft seasonal tone.\"},{\"@type\":\"BreadcrumbList\",\"@id\":\"https:\\\/\\\/oliva-atelier.com\\\/en\\\/product\\\/personalized-poop-bag-holder\\\/#breadcrumb\",\"itemListElement\":[{\"@type\":\"ListItem\",\"position\":1,\"name\":\"Home\",\"item\":\"https:\\\/\\\/oliva-atelier.com\\\/en\\\/\"},{\"@type\":\"ListItem\",\"position\":2,\"name\":\"Shop\",\"item\":\"https:\\\/\\\/oliva-atelier.com\\\/en\\\/shop\\\/\"},{\"@type\":\"ListItem\",\"position\":3,\"name\":\"Personalized Poop Bag Holder\"}]},{\"@type\":\"WebSite\",\"@id\":\"https:\\\/\\\/oliva-atelier.com\\\/en\\\/#website\",\"url\":\"https:\\\/\\\/oliva-atelier.com\\\/en\\\/\",\"name\":\"Oliva Pet Atelier\",\"description\":\"Accesorios personalizados y elegantes para perros peque\u00f1os. Collares, arneses, camas y ropa con estilo, hechos con cari\u00f1o en Espa\u00f1a.\",\"publisher\":{\"@id\":\"https:\\\/\\\/oliva-atelier.com\\\/en\\\/#organization\"},\"potentialAction\":[{\"@type\":\"SearchAction\",\"target\":{\"@type\":\"EntryPoint\",\"urlTemplate\":\"https:\\\/\\\/oliva-atelier.com\\\/en\\\/?s={search_term_string}\"},\"query-input\":{\"@type\":\"PropertyValueSpecification\",\"valueRequired\":true,\"valueName\":\"search_term_string\"}}],\"inLanguage\":\"en-US\"},{\"@type\":\"Organization\",\"@id\":\"https:\\\/\\\/oliva-atelier.com\\\/en\\\/#organization\",\"name\":\"Oliva Pet Atelier\",\"url\":\"https:\\\/\\\/oliva-atelier.com\\\/en\\\/\",\"logo\":{\"@type\":\"ImageObject\",\"inLanguage\":\"en-US\",\"@id\":\"https:\\\/\\\/oliva-atelier.com\\\/en\\\/#\\\/schema\\\/logo\\\/image\\\/\",\"url\":\"https:\\\/\\\/oliva-atelier.com\\\/wp-content\\\/uploads\\\/2025\\\/07\\\/oliva_linkedin.jpg\",\"contentUrl\":\"https:\\\/\\\/oliva-atelier.com\\\/wp-content\\\/uploads\\\/2025\\\/07\\\/oliva_linkedin.jpg\",\"width\":1080,\"height\":1350,\"caption\":\"Oliva Pet Atelier\"},\"image\":{\"@id\":\"https:\\\/\\\/oliva-atelier.com\\\/en\\\/#\\\/schema\\\/logo\\\/image\\\/\"},\"sameAs\":[\"https:\\\/\\\/www.instagram.com\\\/oliva_pet_atelier\\\/\"]}]}<\/script>\n<!-- \/ Yoast SEO plugin. -->","yoast_head_json":{"title":"Personalized bag holder \u2013 Winter Edition | Oliva Pet Atelier","description":"Personalized Winter Edition bag holder. Elegant, practical and handmade in Spain. Perfect to combine with the leash and the winter harness.","robots":{"index":"index","follow":"follow","max-snippet":"max-snippet:-1","max-image-preview":"max-image-preview:large","max-video-preview":"max-video-preview:-1"},"canonical":"https:\/\/oliva-atelier.com\/en\/product\/personalized-poop-bag-holder\/","og_locale":"en_US","og_type":"article","og_title":"Personalized bag holder \u2013 Winter Edition | Oliva Pet Atelier","og_description":"Personalized Winter Edition bag holder. Elegant, practical and handmade in Spain. Perfect to combine with the leash and the winter harness.","og_url":"https:\/\/oliva-atelier.com\/en\/product\/personalized-poop-bag-holder\/","og_site_name":"Oliva Pet Atelier","og_image":[{"width":1080,"height":1350,"url":"https:\/\/oliva-atelier.com\/wp-content\/uploads\/2025\/11\/Personalized-Dog-Poop-Bag-Holder-\u2013-Custom-Name-_-Oliva-Pet-Atelier.png","type":"image\/png"}],"twitter_card":"summary_large_image","schema":{"@context":"https:\/\/schema.org","@graph":[{"@type":"WebPage","@id":"https:\/\/oliva-atelier.com\/en\/product\/personalized-poop-bag-holder\/","url":"https:\/\/oliva-atelier.com\/en\/product\/personalized-poop-bag-holder\/","name":"Personalized bag holder \u2013 Winter Edition | Oliva Pet Atelier","isPartOf":{"@id":"https:\/\/oliva-atelier.com\/en\/#website"},"primaryImageOfPage":{"@id":"https:\/\/oliva-atelier.com\/en\/product\/personalized-poop-bag-holder\/#primaryimage"},"image":{"@id":"https:\/\/oliva-atelier.com\/en\/product\/personalized-poop-bag-holder\/#primaryimage"},"thumbnailUrl":"https:\/\/oliva-atelier.com\/wp-content\/uploads\/2025\/11\/Personalized-Dog-Poop-Bag-Holder-\u2013-Custom-Name-_-Oliva-Pet-Atelier.png","datePublished":"2025-11-26T10:44:55+00:00","description":"Personalized Winter Edition bag holder. Elegant, practical and handmade in Spain. Perfect to combine with the leash and the winter harness.","breadcrumb":{"@id":"https:\/\/oliva-atelier.com\/en\/product\/personalized-poop-bag-holder\/#breadcrumb"},"inLanguage":"en-US","potentialAction":[{"@type":"ReadAction","target":["https:\/\/oliva-atelier.com\/en\/product\/personalized-poop-bag-holder\/"]}]},{"@type":"ImageObject","inLanguage":"en-US","@id":"https:\/\/oliva-atelier.com\/en\/product\/personalized-poop-bag-holder\/#primaryimage","url":"https:\/\/oliva-atelier.com\/wp-content\/uploads\/2025\/11\/Personalized-Dog-Poop-Bag-Holder-\u2013-Custom-Name-_-Oliva-Pet-Atelier.png","contentUrl":"https:\/\/oliva-atelier.com\/wp-content\/uploads\/2025\/11\/Personalized-Dog-Poop-Bag-Holder-\u2013-Custom-Name-_-Oliva-Pet-Atelier.png","width":1080,"height":1350,"caption":"Personalized winter poop bag holder in a soft seasonal tone."},{"@type":"BreadcrumbList","@id":"https:\/\/oliva-atelier.com\/en\/product\/personalized-poop-bag-holder\/#breadcrumb","itemListElement":[{"@type":"ListItem","position":1,"name":"Home","item":"https:\/\/oliva-atelier.com\/en\/"},{"@type":"ListItem","position":2,"name":"Shop","item":"https:\/\/oliva-atelier.com\/en\/shop\/"},{"@type":"ListItem","position":3,"name":"Personalized Poop Bag Holder"}]},{"@type":"WebSite","@id":"https:\/\/oliva-atelier.com\/en\/#website","url":"https:\/\/oliva-atelier.com\/en\/","name":"Oliva Pet Atelier","description":"Accesorios personalizados y elegantes para perros peque\u00f1os. Collares, arneses, camas y ropa con estilo, hechos con cari\u00f1o en Espa\u00f1a.","publisher":{"@id":"https:\/\/oliva-atelier.com\/en\/#organization"},"potentialAction":[{"@type":"SearchAction","target":{"@type":"EntryPoint","urlTemplate":"https:\/\/oliva-atelier.com\/en\/?s={search_term_string}"},"query-input":{"@type":"PropertyValueSpecification","valueRequired":true,"valueName":"search_term_string"}}],"inLanguage":"en-US"},{"@type":"Organization","@id":"https:\/\/oliva-atelier.com\/en\/#organization","name":"Oliva Pet Atelier","url":"https:\/\/oliva-atelier.com\/en\/","logo":{"@type":"ImageObject","inLanguage":"en-US","@id":"https:\/\/oliva-atelier.com\/en\/#\/schema\/logo\/image\/","url":"https:\/\/oliva-atelier.com\/wp-content\/uploads\/2025\/07\/oliva_linkedin.jpg","contentUrl":"https:\/\/oliva-atelier.com\/wp-content\/uploads\/2025\/07\/oliva_linkedin.jpg","width":1080,"height":1350,"caption":"Oliva Pet Atelier"},"image":{"@id":"https:\/\/oliva-atelier.com\/en\/#\/schema\/logo\/image\/"},"sameAs":["https:\/\/www.instagram.com\/oliva_pet_atelier\/"]}]}},"jetpack_sharing_enabled":true,"jetpack_likes_enabled":true,"_links":{"self":[{"href":"https:\/\/oliva-atelier.com\/en\/wp-json\/wp\/v2\/product\/4706","targetHints":{"allow":["GET"]}}],"collection":[{"href":"https:\/\/oliva-atelier.com\/en\/wp-json\/wp\/v2\/product"}],"about":[{"href":"https:\/\/oliva-atelier.com\/en\/wp-json\/wp\/v2\/types\/product"}],"wp:featuredmedia":[{"embeddable":true,"href":"https:\/\/oliva-atelier.com\/en\/wp-json\/wp\/v2\/media\/4253"}],"wp:attachment":[{"href":"https:\/\/oliva-atelier.com\/en\/wp-json\/wp\/v2\/media?parent=4706"}],"wp:term":[{"taxonomy":"product_brand","embeddable":true,"href":"https:\/\/oliva-atelier.com\/en\/wp-json\/wp\/v2\/product_brand?post=4706"},{"taxonomy":"product_cat","embeddable":true,"href":"https:\/\/oliva-atelier.com\/en\/wp-json\/wp\/v2\/product_cat?post=4706"},{"taxonomy":"product_tag","embeddable":true,"href":"https:\/\/oliva-atelier.com\/en\/wp-json\/wp\/v2\/product_tag?post=4706"}],"curies":[{"name":"wp","href":"https:\/\/api.w.org\/{rel}","templated":true}]}}